{"id":45533,"date":"2025-07-17T07:21:50","date_gmt":"2025-07-17T07:21:50","guid":{"rendered":"https:\/\/www.gekkosolutions.eu\/?page_id=45533"},"modified":"2025-09-05T12:58:38","modified_gmt":"2025-09-05T10:58:38","slug":"fabricacion","status":"publish","type":"page","link":"https:\/\/www.gekkosolutions.eu\/en\/fabricacion\/","title":{"rendered":"MANUFACTURING"},"content":{"rendered":"<div class=\"wp-block-uagb-container uagb-block-57df7491 alignfull uagb-is-root-container\"><div class=\"uagb-container__shape uagb-container__shape-top uagb-container__shape-flip\"><svg xmlns=\"https:\/\/www.w3.org\/2000\/svg\" viewbox=\"0 0 1000 100\" preserveaspectratio=\"none\"><path class=\"uagb-container__shape-fill\" d=\"M761.9,44.1L643.1,27.2L333.8,98L0,3.8V0l1000,0v3.9\"><\/path><\/svg><\/div><div class=\"uagb-container__shape uagb-container__shape-bottom uagb-container__invert\" data-negative=\"false\"><svg xmlns=\"https:\/\/www.w3.org\/2000\/svg\" viewbox=\"0 0 1000 100\" preserveaspectratio=\"none\"><path class=\"uagb-container__shape-fill\" opacity=\"0.33\" d=\"M473,67.3c-203.9,88.3-263.1-34-320.3,0C66,119.1,0,59.7,0,59.7V0h1000v59.7 c0,0-62.1,26.1-94.9,29.3c-32.8,3.3-62.8-12.3-75.8-22.1C806,49.6,745.3,8.7,694.9,4.7S492.4,59,473,67.3z\"><\/path><path class=\"uagb-container__shape-fill\" opacity=\"0.66\" d=\"M734,67.3c-45.5,0-77.2-23.2-129.1-39.1c-28.6-8.7-150.3-10.1-254,39.1 s-91.7-34.4-149.2,0C115.7,118.3,0,39.8,0,39.8V0h1000v36.5c0,0-28.2-18.5-92.1-18.5C810.2,18.1,775.7,67.3,734,67.3z\"><\/path><path class=\"uagb-container__shape-fill\" d=\"M766.1,28.9c-200-57.5-266,65.5-395.1,19.5C242,1.8,242,5.4,184.8,20.6C128,35.8,132.3,44.9,89.9,52.5C28.6,63.7,0,0,0,0 h1000c0,0-9.9,40.9-83.6,48.1S829.6,47,766.1,28.9z\"><\/path><\/svg><\/div>\n<div class=\"wp-block-uagb-info-box uagb-block-6bef2998 uagb-infobox__content-wrap  uagb-infobox-icon-above-title uagb-infobox-image-valign-top\"><div class=\"uagb-ifb-content\"><div class=\"uagb-ifb-title-wrap\"><h3 class=\"uagb-ifb-title\">Servicios de<\/h3><\/div><div class=\"uagb-ifb-separator\"><\/div><p class=\"uagb-ifb-desc\"><strong>FABRICACI\u00d3N DE EQUIPOS<\/strong><\/p><\/div><\/div>\n<\/div>\n\n\n\n<div class=\"wp-block-uagb-container uagb-block-b09bf967 alignfull uagb-is-root-container\">\n<div style=\"height:60px\" aria-hidden=\"true\" class=\"wp-block-spacer\"><\/div>\n\n\n\n<div class=\"wp-block-columns is-layout-flex wp-container-core-columns-is-layout-28f84493 wp-block-columns-is-layout-flex\">\n<div class=\"wp-block-column is-layout-flow wp-block-column-is-layout-flow\" style=\"flex-basis:50%\">\n<div class=\"wp-block-uagb-container uagb-block-c9011223\">\n<div class=\"wp-block-uagb-container uagb-block-2fa0b49b\">\n<div class=\"wp-block-uagb-info-box uagb-block-778d0b35 uagb-infobox__content-wrap  uagb-infobox-icon-above-title uagb-infobox-image-valign-top wp-block-uagb-info-box--has-margin\"><div class=\"uagb-infobox-margin-wrapper\"><div class=\"uagb-ifb-content\"><div class=\"uagb-ifb-title-wrap\"><\/div><p class=\"uagb-ifb-desc\">En <strong>GEKKO Solutions<\/strong>, dise\u00f1amos y fabricamos equipos completos a medida, adaptados a las necesidades espec\u00edficas de cada cliente. Nuestro enfoque combina ingenier\u00eda de calidad, innovaci\u00f3n y colaboraci\u00f3n estrat\u00e9gica con empresas especializadas, lo que nos permite ofrecer soluciones integrales y de alto rendimiento.<br><br>Trabajamos desde la concepci\u00f3n del proyecto hasta la puesta en marcha, asegurando calidad, eficiencia y cumplimiento de todas las normativas t\u00e9cnicas y de seguridad. Ya sea una instalaci\u00f3n industrial completa o un equipo puntual, garantizamos resultados confiables y duraderos.<\/p><\/div><\/div><\/div>\n<\/div>\n\n\n\n<div style=\"height:50px\" aria-hidden=\"true\" class=\"wp-block-spacer\"><\/div>\n\n\n\n<div class=\"wp-block-columns is-layout-flex wp-container-core-columns-is-layout-28f84493 wp-block-columns-is-layout-flex\">\n<div class=\"wp-block-column is-layout-flow wp-block-column-is-layout-flow\" style=\"flex-basis:15%\"><\/div>\n\n\n\n<div class=\"wp-block-column is-layout-flow wp-block-column-is-layout-flow\" style=\"flex-basis:60%\">\n<div class=\"wp-block-uagb-container uagb-block-763e38a4\">\n<div class=\"wp-block-uagb-info-box uagb-block-821cb644 uagb-infobox__content-wrap  uagb-infobox-icon-above-title uagb-infobox-image-valign-top\"><div class=\"uagb-ifb-content\"><div class=\"uagb-ifb-icon-wrap\"><svg xmlns=\"https:\/\/www.w3.org\/2000\/svg\" viewbox=\"0 0 512 512\"><path d=\"M0 256C0 114.6 114.6 0 256 0C397.4 0 512 114.6 512 256C512 397.4 397.4 512 256 512C114.6 512 0 397.4 0 256zM371.8 211.8C382.7 200.9 382.7 183.1 371.8 172.2C360.9 161.3 343.1 161.3 332.2 172.2L224 280.4L179.8 236.2C168.9 225.3 151.1 225.3 140.2 236.2C129.3 247.1 129.3 264.9 140.2 275.8L204.2 339.8C215.1 350.7 232.9 350.7 243.8 339.8L371.8 211.8z\"><\/path><\/svg><\/div><div class=\"uagb-ifb-title-wrap\"><h3 class=\"uagb-ifb-title\">\u00bfQU\u00c9 OFRECEMOS?<\/h3><\/div><\/div><\/div>\n\n\n\n<div class=\"wp-block-uagb-icon-list uagb-block-a987484d\"><div class=\"uagb-icon-list__wrap\">\n<div class=\"wp-block-uagb-icon-list-child uagb-block-19e81c85\"><span class=\"uagb-icon-list__source-wrap\"><svg xmlns=\"https:\/\/www.w3.org\/2000\/svg\" viewbox=\"0 0 512 512\"><path d=\"M507.6 122.8c-2.904-12.09-18.25-16.13-27.04-7.338l-76.55 76.56l-83.1-.0002l0-83.1l76.55-76.56c8.791-8.789 4.75-24.14-7.336-27.04c-23.69-5.693-49.34-6.111-75.92 .2484c-61.45 14.7-109.4 66.9-119.2 129.3C189.8 160.8 192.3 186.7 200.1 210.1l-178.1 178.1c-28.12 28.12-28.12 73.69 0 101.8C35.16 504.1 53.56 512 71.1 512s36.84-7.031 50.91-21.09l178.1-178.1c23.46 7.736 49.31 10.24 76.17 6.004c62.41-9.84 114.6-57.8 129.3-119.2C513.7 172.1 513.3 146.5 507.6 122.8zM80 456c-13.25 0-24-10.75-24-24c0-13.26 10.75-24 24-24s24 10.74 24 24C104 445.3 93.25 456 80 456z\"><\/path><\/svg><\/span><span class=\"uagb-icon-list__label\">Dise\u00f1o personalizado de equipos industriales<\/span><\/div>\n\n\n\n<div class=\"wp-block-uagb-icon-list-child uagb-block-eaeeec89\"><span class=\"uagb-icon-list__source-wrap\"><svg xmlns=\"https:\/\/www.w3.org\/2000\/svg\" viewbox=\"0 0 512 512\"><path d=\"M507.6 122.8c-2.904-12.09-18.25-16.13-27.04-7.338l-76.55 76.56l-83.1-.0002l0-83.1l76.55-76.56c8.791-8.789 4.75-24.14-7.336-27.04c-23.69-5.693-49.34-6.111-75.92 .2484c-61.45 14.7-109.4 66.9-119.2 129.3C189.8 160.8 192.3 186.7 200.1 210.1l-178.1 178.1c-28.12 28.12-28.12 73.69 0 101.8C35.16 504.1 53.56 512 71.1 512s36.84-7.031 50.91-21.09l178.1-178.1c23.46 7.736 49.31 10.24 76.17 6.004c62.41-9.84 114.6-57.8 129.3-119.2C513.7 172.1 513.3 146.5 507.6 122.8zM80 456c-13.25 0-24-10.75-24-24c0-13.26 10.75-24 24-24s24 10.74 24 24C104 445.3 93.25 456 80 456z\"><\/path><\/svg><\/span><span class=\"uagb-icon-list__label\">Fabricaci\u00f3n con materiales y tecnolog\u00eda de \u00faltima generaci\u00f3n<\/span><\/div>\n\n\n\n<div class=\"wp-block-uagb-icon-list-child uagb-block-0cca477f\"><span class=\"uagb-icon-list__source-wrap\"><svg xmlns=\"https:\/\/www.w3.org\/2000\/svg\" viewbox=\"0 0 512 512\"><path d=\"M507.6 122.8c-2.904-12.09-18.25-16.13-27.04-7.338l-76.55 76.56l-83.1-.0002l0-83.1l76.55-76.56c8.791-8.789 4.75-24.14-7.336-27.04c-23.69-5.693-49.34-6.111-75.92 .2484c-61.45 14.7-109.4 66.9-119.2 129.3C189.8 160.8 192.3 186.7 200.1 210.1l-178.1 178.1c-28.12 28.12-28.12 73.69 0 101.8C35.16 504.1 53.56 512 71.1 512s36.84-7.031 50.91-21.09l178.1-178.1c23.46 7.736 49.31 10.24 76.17 6.004c62.41-9.84 114.6-57.8 129.3-119.2C513.7 172.1 513.3 146.5 507.6 122.8zM80 456c-13.25 0-24-10.75-24-24c0-13.26 10.75-24 24-24s24 10.74 24 24C104 445.3 93.25 456 80 456z\"><\/path><\/svg><\/span><span class=\"uagb-icon-list__label\">(Instalaciones llave en mano)<\/span><\/div>\n\n\n\n<div class=\"wp-block-uagb-icon-list-child uagb-block-a6a2d3d3\"><span class=\"uagb-icon-list__source-wrap\"><svg xmlns=\"https:\/\/www.w3.org\/2000\/svg\" viewbox=\"0 0 512 512\"><path d=\"M507.6 122.8c-2.904-12.09-18.25-16.13-27.04-7.338l-76.55 76.56l-83.1-.0002l0-83.1l76.55-76.56c8.791-8.789 4.75-24.14-7.336-27.04c-23.69-5.693-49.34-6.111-75.92 .2484c-61.45 14.7-109.4 66.9-119.2 129.3C189.8 160.8 192.3 186.7 200.1 210.1l-178.1 178.1c-28.12 28.12-28.12 73.69 0 101.8C35.16 504.1 53.56 512 71.1 512s36.84-7.031 50.91-21.09l178.1-178.1c23.46 7.736 49.31 10.24 76.17 6.004c62.41-9.84 114.6-57.8 129.3-119.2C513.7 172.1 513.3 146.5 507.6 122.8zM80 456c-13.25 0-24-10.75-24-24c0-13.26 10.75-24 24-24s24 10.74 24 24C104 445.3 93.25 456 80 456z\"><\/path><\/svg><\/span><span class=\"uagb-icon-list__label\">Coordinaci\u00f3n con empresas especializadas<\/span><\/div>\n\n\n\n<div class=\"wp-block-uagb-icon-list-child uagb-block-0414613f\"><span class=\"uagb-icon-list__source-wrap\"><svg xmlns=\"https:\/\/www.w3.org\/2000\/svg\" viewbox=\"0 0 512 512\"><path d=\"M507.6 122.8c-2.904-12.09-18.25-16.13-27.04-7.338l-76.55 76.56l-83.1-.0002l0-83.1l76.55-76.56c8.791-8.789 4.75-24.14-7.336-27.04c-23.69-5.693-49.34-6.111-75.92 .2484c-61.45 14.7-109.4 66.9-119.2 129.3C189.8 160.8 192.3 186.7 200.1 210.1l-178.1 178.1c-28.12 28.12-28.12 73.69 0 101.8C35.16 504.1 53.56 512 71.1 512s36.84-7.031 50.91-21.09l178.1-178.1c23.46 7.736 49.31 10.24 76.17 6.004c62.41-9.84 114.6-57.8 129.3-119.2C513.7 172.1 513.3 146.5 507.6 122.8zM80 456c-13.25 0-24-10.75-24-24c0-13.26 10.75-24 24-24s24 10.74 24 24C104 445.3 93.25 456 80 456z\"><\/path><\/svg><\/span><span class=\"uagb-icon-list__label\">Supervisi\u00f3n t\u00e9cnica en todas las etapas del proyecto<\/span><\/div>\n<\/div><\/div>\n<\/div>\n<\/div>\n\n\n\n<div class=\"wp-block-column is-layout-flow wp-block-column-is-layout-flow\" style=\"flex-basis:15%\"><\/div>\n<\/div>\n<\/div>\n<\/div>\n\n\n\n<div class=\"wp-block-column is-layout-flow wp-block-column-is-layout-flow\" style=\"flex-basis:33.33%\"><\/div>\n<\/div>\n\n\n\n<div style=\"height:180px\" aria-hidden=\"true\" class=\"wp-block-spacer\"><\/div>\n<\/div>\n\n\n\n<div style=\"height:40px\" aria-hidden=\"true\" class=\"wp-block-spacer\"><\/div>\n\n\n\n<div class=\"wp-block-uagb-container uagb-block-9aa623fc alignfull uagb-is-root-container\"><div class=\"uagb-container-inner-blocks-wrap\">\n<section class=\"wp-block-uagb-container uagb-layout-grid uagb-block-cad32fb9\"><div class=\"uagb-container__shape uagb-container__shape-bottom uagb-container__invert\" data-negative=\"false\"><svg xmlns=\"https:\/\/www.w3.org\/2000\/svg\" viewbox=\"0 0 1000 100\" preserveaspectratio=\"none\"><path class=\"uagb-container__shape-fill\" d=\"M500,98.9L0,6.1V0h1000v6.1L500,98.9z\"><\/path><\/svg><\/div>\n<header class=\"wp-block-uagb-advanced-heading uagb-block-99c3b208\"><h5 class=\"uagb-heading-text\"><strong>ALGUNOS EJEMPLO DE LO FABRICADO<\/strong><\/h5><\/header>\n<\/section>\n<\/div><\/div>\n\n\n\n<div class=\"wp-block-uagb-container uagb-block-419e2c50 alignfull uagb-is-root-container\"><div class=\"uagb-container-inner-blocks-wrap\">\n<img decoding=\"async\" src=\"https:\/\/www.gekkosolutions.eu\/wp-content\/uploads\/2025\/09\/video-gif-fabricacion.gif\" alt=\"Descripci\u00f3n del gif\">\n<\/div><\/div>\n\n\n\n<div class=\"wp-block-uagb-info-box uagb-block-22e7eb15 uagb-infobox__content-wrap  uagb-infobox-icon-above-title uagb-infobox-image-valign-top\"><div class=\"uagb-ifb-content\"><div class=\"uagb-ifb-icon-wrap\"><div class=\"uagb-iconbox-icon-wrap uagb-infobox-shape-squre\"><svg xmlns=\"https:\/\/www.w3.org\/2000\/svg\" viewbox=\"0 0 512 512\"><path d=\"M480 128v208c0 97.05-78.95 176-176 176h-37.72c-53.42 0-103.7-20.8-141.4-58.58l-113.1-113.1C3.906 332.5 0 322.2 0 312C0 290.7 17.15 272 40 272c10.23 0 20.47 3.906 28.28 11.72L128 343.4V64c0-17.67 14.33-32 32-32s32 14.33 32 32l.0729 176C192.1 248.8 199.2 256 208 256s16.07-7.164 16.07-16L224 32c0-17.67 14.33-32 32-32s32 14.33 32 32l.0484 208c0 8.836 7.111 16 15.95 16S320 248.8 320 240L320 64c0-17.67 14.33-32 32-32s32 14.33 32 32l.0729 176c0 8.836 7.091 16 15.93 16S416 248.8 416 240V128c0-17.67 14.33-32 32-32S480 110.3 480 128z\"><\/path><\/svg><\/div><\/div><div class=\"uagb-ifb-title-wrap\"><h3 class=\"uagb-ifb-title\">\u00bfEst\u00e1s INTERESADO en FABRICAR PIEZAS de REPUESTO?<\/h3><\/div><div class=\"uagb-ifb-separator\"><\/div><p class=\"uagb-ifb-desc\">Fabricamos piezas de repuesto a medida y reparamos componentes desgastados, asegurando compatibilidad, calidad y prolongando su vida \u00fatil.<\/p><div class=\"uagb-ifb-button-wrapper wp-block-button\"><a href=\"https:\/\/www.gekkosolutions.eu\/en\/mantenimiento-reparacion\/\" class=\"uagb-infobox-cta-link wp-block-button__link\" target=\"_self\" rel=\"noopener noreferrer\" onclick=\"return true;\"><svg xmlns=\"https:\/\/www.w3.org\/2000\/svg\" viewbox=\"0 0 512 512\"><path d=\"M180.2 243.1C185 263.9 162.2 280.2 144.1 268.8L119.8 253.6l-50.9 81.43c-13.33 21.32 2.004 48.98 27.15 48.98h32.02c17.64 0 31.98 14.32 31.98 31.96c0 17.64-14.34 32.05-31.98 32.05H96.15c-75.36 0-121.3-82.84-81.47-146.8L65.51 219.8L41.15 204.5C23.04 193.1 27.66 165.5 48.48 160.7l91.43-21.15C148.5 137.7 157.2 142.9 159.2 151.6L180.2 243.1zM283.1 78.96l41.25 66.14l-24.25 15.08c-18.16 11.31-13.57 38.94 7.278 43.77l91.4 21.15c8.622 1.995 17.23-3.387 19.21-12.01l21.04-91.43c4.789-20.81-17.95-37.05-36.07-25.76l-24.36 15.2L337.4 45.14c-37.58-60.14-125.2-60.18-162.8-.0617L167.2 56.9C157.9 71.75 162.5 91.58 177.3 100.9c14.92 9.359 34.77 4.886 44.11-10.04l7.442-11.89C241.6 58.58 270.9 59.33 283.1 78.96zM497.3 301.3l-16.99-27.26c-9.336-14.98-29.06-19.56-44.04-10.21c-14.94 9.318-19.52 29.15-10.18 44.08l16.99 27.15c13.35 21.32-1.984 49-27.14 49h-95.99l.0234-28.74c0-21.38-25.85-32.09-40.97-16.97l-66.41 66.43c-6.222 6.223-6.222 16.41 .0044 22.63l66.42 66.34c15.12 15.1 40.95 4.386 40.95-16.98l-.0234-28.68h95.86C491.2 448.1 537.2 365.2 497.3 301.3z\"><\/path><\/svg><span class=\"uagb-inline-editing\">INFORMACI\u00d3N<\/span><\/a><\/div><\/div><\/div>\n\n\n\n<p><\/p>","protected":false},"excerpt":{"rendered":"<p>ALGUNOS EJEMPLO DE LO FABRICADO<\/p>","protected":false},"author":7,"featured_media":0,"parent":0,"menu_order":0,"comment_status":"closed","ping_status":"closed","template":"","meta":{"_uag_custom_page_level_css":"","_monsterinsights_skip_tracking":false,"_monsterinsights_sitenote_active":false,"_monsterinsights_sitenote_note":"","_monsterinsights_sitenote_category":0,"site-sidebar-layout":"no-sidebar","site-content-layout":"page-builder","ast-site-content-layout":"default","site-content-style":"default","site-sidebar-style":"default","ast-global-header-display":"","ast-banner-title-visibility":"","ast-main-header-display":"","ast-hfb-above-header-display":"","ast-hfb-below-header-display":"","ast-hfb-mobile-header-display":"","site-post-title":"disabled","ast-breadcrumbs-content":"","ast-featured-img":"disabled","footer-sml-layout":"","theme-transparent-header-meta":"default","adv-header-id-meta":"","stick-header-meta":"","header-above-stick-meta":"","header-main-stick-meta":"","header-below-stick-meta":"","astra-migrate-meta-layouts":"set","ast-page-background-enabled":"default","ast-page-background-meta":{"desktop":{"background-color":"var(--ast-global-color-5)","background-image":"","background-repeat":"repeat","background-position":"center center","background-size":"auto","background-attachment":"scroll","background-type":"","background-media":"","overlay-type":"","overlay-color":"","overlay-opacity":"","overlay-gradient":""},"tablet":{"background-color":"","background-image":"","background-repeat":"repeat","background-position":"center center","background-size":"auto","background-attachment":"scroll","background-type":"","background-media":"","overlay-type":"","overlay-color":"","overlay-opacity":"","overlay-gradient":""},"mobile":{"background-color":"","background-image":"","background-repeat":"repeat","background-position":"center center","background-size":"auto","background-attachment":"scroll","background-type":"","background-media":"","overlay-type":"","overlay-color":"","overlay-opacity":"","overlay-gradient":""}},"ast-content-background-meta":{"desktop":{"background-color":"var(--ast-global-color-4)","background-image":"","background-repeat":"repeat","background-position":"center center","background-size":"auto","background-attachment":"scroll","background-type":"","background-media":"","overlay-type":"","overlay-color":"","overlay-opacity":"","overlay-gradient":""},"tablet":{"background-color":"var(--ast-global-color-4)","background-image":"","background-repeat":"repeat","background-position":"center center","background-size":"auto","background-attachment":"scroll","background-type":"","background-media":"","overlay-type":"","overlay-color":"","overlay-opacity":"","overlay-gradient":""},"mobile":{"background-color":"var(--ast-global-color-4)","background-image":"","background-repeat":"repeat","background-position":"center center","background-size":"auto","background-attachment":"scroll","background-type":"","background-media":"","overlay-type":"","overlay-color":"","overlay-opacity":"","overlay-gradient":""}},"footnotes":""},"class_list":["post-45533","page","type-page","status-publish","hentry"],"uagb_featured_image_src":{"full":false,"thumbnail":false,"medium":false,"medium_large":false,"large":false,"1536x1536":false,"2048x2048":false,"trp-custom-language-flag":false},"uagb_author_info":{"display_name":"Ane Bailo","author_link":"https:\/\/www.gekkosolutions.eu\/en\/author\/ane\/"},"uagb_comment_info":0,"uagb_excerpt":"ALGUNOS EJEMPLO DE LO FABRICADO","_links":{"self":[{"href":"https:\/\/www.gekkosolutions.eu\/en\/wp-json\/wp\/v2\/pages\/45533","targetHints":{"allow":["GET"]}}],"collection":[{"href":"https:\/\/www.gekkosolutions.eu\/en\/wp-json\/wp\/v2\/pages"}],"about":[{"href":"https:\/\/www.gekkosolutions.eu\/en\/wp-json\/wp\/v2\/types\/page"}],"author":[{"embeddable":true,"href":"https:\/\/www.gekkosolutions.eu\/en\/wp-json\/wp\/v2\/users\/7"}],"replies":[{"embeddable":true,"href":"https:\/\/www.gekkosolutions.eu\/en\/wp-json\/wp\/v2\/comments?post=45533"}],"version-history":[{"count":45,"href":"https:\/\/www.gekkosolutions.eu\/en\/wp-json\/wp\/v2\/pages\/45533\/revisions"}],"predecessor-version":[{"id":46182,"href":"https:\/\/www.gekkosolutions.eu\/en\/wp-json\/wp\/v2\/pages\/45533\/revisions\/46182"}],"wp:attachment":[{"href":"https:\/\/www.gekkosolutions.eu\/en\/wp-json\/wp\/v2\/media?parent=45533"}],"curies":[{"name":"wp","href":"https:\/\/api.w.org\/{rel}","templated":true}]}}