{"id":458,"date":"2018-02-17T22:47:54","date_gmt":"2018-02-17T22:47:54","guid":{"rendered":"http:\/\/www.gekkosolutions.eu\/?page_id=458"},"modified":"2025-09-25T14:34:10","modified_gmt":"2025-09-25T12:34:10","slug":"quienes-somos","status":"publish","type":"page","link":"https:\/\/www.gekkosolutions.eu\/en\/quienes-somos\/","title":{"rendered":"ABOUT US"},"content":{"rendered":"<div class=\"wp-block-uagb-container uagb-block-aba81a70 alignfull uagb-is-root-container\"><div class=\"uagb-container-inner-blocks-wrap\">\n<div class=\"wp-block-uagb-info-box uagb-block-48180114 uagb-infobox__content-wrap  uagb-infobox-icon-above-title uagb-infobox-image-valign-top\"><div class=\"uagb-ifb-content\"><div class=\"uagb-ifb-title-wrap\"><h3 class=\"uagb-ifb-title\">\u00bfQui\u00e9nes somos en GEKKO Solutions?<\/h3><\/div><p class=\"uagb-ifb-desc\"><br>GEKKO Soluitions  es una empresa especializada en dar servicios de ingenier\u00eda, consultor\u00eda y gesti\u00f3n de proyectos industriales con <strong>m\u00e1s de 30 a\u00f1os de experiencia<\/strong> en el sector de la siderurgia, bienes de equipo y dise\u00f1o de maquinaria especial aplicada a gran cantidad de proyectos nacionales e internacionales.<\/p><\/div><\/div>\n<\/div><\/div>\n\n\n\n<div class=\"wp-block-cover is-light\"><img loading=\"lazy\" decoding=\"async\" width=\"995\" height=\"873\" class=\"wp-block-cover__image-background wp-image-46252 size-full\" alt=\"\" src=\"https:\/\/www.gekkosolutions.eu\/wp-content\/uploads\/2025\/09\/Imagen1.png\" data-object-fit=\"cover\" srcset=\"https:\/\/www.gekkosolutions.eu\/wp-content\/uploads\/2025\/09\/Imagen1.png 995w, https:\/\/www.gekkosolutions.eu\/wp-content\/uploads\/2025\/09\/Imagen1-300x263.png 300w, https:\/\/www.gekkosolutions.eu\/wp-content\/uploads\/2025\/09\/Imagen1-768x674.png 768w\" sizes=\"auto, (max-width: 995px) 100vw, 995px\" \/><span aria-hidden=\"true\" class=\"wp-block-cover__background has-background-dim\" style=\"background-color:#ebebee\"><\/span><div class=\"wp-block-cover__inner-container is-layout-constrained wp-block-cover-is-layout-constrained\">\n<div class=\"wp-block-uagb-container uagb-block-a8bed7f4 alignfull uagb-is-root-container\"><div class=\"uagb-container-inner-blocks-wrap\">\n<div class=\"wp-block-uagb-container uagb-block-69408f6f\">\n<figure class=\"wp-block-image size-large has-custom-border\"><img loading=\"lazy\" decoding=\"async\" width=\"1024\" height=\"682\" src=\"https:\/\/www.gekkosolutions.eu\/wp-content\/uploads\/2025\/07\/gd7c4aea2051f7b68eb70a2b055ea6444db5ef3e0fb76d96e356ab91aacdaec049c94688f2e4dc5039f4a859e5e548edc6c046d600bb30a9ce362ce32ffd20343_1280-3509498-1024x682.jpg\" alt=\"access, achievement, advertising, adviser, apartment, customer, door key, hand, key, metal, metal key, metallic, open, opportunity, owner, rent, safe, safety, secure, security, silver, steel, success, tenant, unlock, gray security, gray door, gray safety, gray key, gray metal, access, key, key, key, key, key, opportunity, opportunity, opportunity, owner, rent, tenant, tenant, unlock\" class=\"wp-image-45211\" style=\"border-style:none;border-width:0px;border-radius:100px;box-shadow:var(--wp--preset--shadow--sharp);aspect-ratio:1;object-fit:cover\" srcset=\"https:\/\/www.gekkosolutions.eu\/wp-content\/uploads\/2025\/07\/gd7c4aea2051f7b68eb70a2b055ea6444db5ef3e0fb76d96e356ab91aacdaec049c94688f2e4dc5039f4a859e5e548edc6c046d600bb30a9ce362ce32ffd20343_1280-3509498-1024x682.jpg 1024w, https:\/\/www.gekkosolutions.eu\/wp-content\/uploads\/2025\/07\/gd7c4aea2051f7b68eb70a2b055ea6444db5ef3e0fb76d96e356ab91aacdaec049c94688f2e4dc5039f4a859e5e548edc6c046d600bb30a9ce362ce32ffd20343_1280-3509498-300x200.jpg 300w, https:\/\/www.gekkosolutions.eu\/wp-content\/uploads\/2025\/07\/gd7c4aea2051f7b68eb70a2b055ea6444db5ef3e0fb76d96e356ab91aacdaec049c94688f2e4dc5039f4a859e5e548edc6c046d600bb30a9ce362ce32ffd20343_1280-3509498-768x512.jpg 768w, https:\/\/www.gekkosolutions.eu\/wp-content\/uploads\/2025\/07\/gd7c4aea2051f7b68eb70a2b055ea6444db5ef3e0fb76d96e356ab91aacdaec049c94688f2e4dc5039f4a859e5e548edc6c046d600bb30a9ce362ce32ffd20343_1280-3509498.jpg 1280w\" sizes=\"auto, (max-width: 1024px) 100vw, 1024px\" \/><\/figure>\n<\/div>\n\n\n\n<div class=\"wp-block-uagb-container uagb-block-024e3593\">\n<div class=\"wp-block-uagb-info-box uagb-block-e3712dcb uagb-infobox__content-wrap  uagb-infobox-icon-above-title uagb-infobox-image-valign-top\"><div class=\"uagb-ifb-content\"><div class=\"uagb-ifb-title-wrap\"><h3 class=\"uagb-ifb-title\"><mark style=\"background-color:rgba(0, 0, 0, 0)\" class=\"has-inline-color has-blue-color\">\u00bfDe d\u00f3nde viene nuestro know-how?<\/mark><\/h3><\/div><p class=\"uagb-ifb-desc\"><strong>En GEKKO SOLUTIONS, nuestro conocimiento nace de la combinaci\u00f3n de experiencia, especializaci\u00f3n y colaboraci\u00f3n. Somos profesionales con trayectorias complementarias en distintas \u00e1reas, lo que nos permite abordar los desaf\u00edos desde m\u00faltiples perspectivas, desarrollando un enfoque pr\u00e1ctico y eficiente.<br>Adem\u00e1s, durante estos a\u00f1os hemos creado una red s\u00f3lida de colaboradores, que nos permite abordar el amplio espectro de necesidades que demanda el mercado. Esta sinergia entre experiencia propia y conocimiento externo es lo que nos permite ofrecer soluciones innovadoras, viables y a medida.<\/strong><\/p><\/div><\/div>\n<\/div>\n<\/div><\/div>\n\n\n\n<div class=\"wp-block-uagb-container uagb-block-936e236d alignfull uagb-is-root-container\"><div class=\"uagb-container-inner-blocks-wrap\">\n<div class=\"wp-block-uagb-container uagb-block-7b4dc872 alignfull uagb-is-root-container\"><div class=\"uagb-container-inner-blocks-wrap\">\n<div class=\"wp-block-uagb-advanced-heading uagb-block-ab591038\"><h3 class=\"uagb-heading-text\">GEKKO Solutions ofrece a sus clientes dar soluci\u00f3n a sus necesidades: <\/h3><\/div>\n<\/div><\/div>\n\n\n\n<ul style=\"padding-top:0;padding-right:0;padding-bottom:0;padding-left:0;font-size:0px;font-style:normal;font-weight:500\" class=\"wp-block-list has-ast-global-color-6-color has-text-color has-link-color wp-elements-93b8a3427eb238eb7a913e7d4e7fa6e6\">\n<li style=\"font-size:19px\">ASESORAMIENTO INDUSTRIAL<\/li>\n\n\n\n<li style=\"font-size:19px\">APOYO Y SEGUIMIENTO EN PROCESOS COMERCIALES OPTIMIZANDO SOLUCIONES Y RECURSOS EN BASE A TECNOLOG\u00cdAS DE \u00daLTIMA GENERACI\u00d3N<\/li>\n\n\n\n<li><\/li>\n\n\n\n<li style=\"font-size:19px\">DISE\u00d1O Y C\u00c1LCULO DE EQUIPOS<\/li>\n\n\n\n<li style=\"font-size:19px\">DESARROLLO DE INGENIER\u00cdA CONCEPTUAL  Y DE DESPIECE<\/li>\n\n\n\n<li style=\"font-size:19px\">GESTI\u00d3N EN LA FABRICACI\u00d3N DE EQUIPOS Y ACCESORIOS BAJO DEMANDA<\/li>\n\n\n\n<li style=\"font-size:19px\">LABORES DE MANTENIMIENTO Y REPARACI\u00d3N DE EQUIPOS EN TALLERES ASOCIADOS<\/li>\n\n\n\n<li style=\"font-size:19px\">GESTI\u00d3N DE PROYECTOS<\/li>\n<\/ul>\n<\/div><\/div>\n<\/div><\/div>\n\n\n\n<p><\/p>","protected":false},"excerpt":{"rendered":"","protected":false},"author":1,"featured_media":0,"parent":0,"menu_order":0,"comment_status":"closed","ping_status":"open","template":"","meta":{"_uag_custom_page_level_css":"","_monsterinsights_skip_tracking":false,"_monsterinsights_sitenote_active":false,"_monsterinsights_sitenote_note":"","_monsterinsights_sitenote_category":0,"site-sidebar-layout":"default","site-content-layout":"","ast-site-content-layout":"default","site-content-style":"default","site-sidebar-style":"default","ast-global-header-display":"","ast-banner-title-visibility":"","ast-main-header-display":"","ast-hfb-above-header-display":"","ast-hfb-below-header-display":"","ast-hfb-mobile-header-display":"","site-post-title":"disabled","ast-breadcrumbs-content":"","ast-featured-img":"","footer-sml-layout":"","theme-transparent-header-meta":"","adv-header-id-meta":"","stick-header-meta":"","header-above-stick-meta":"","header-main-stick-meta":"","header-below-stick-meta":"","astra-migrate-meta-layouts":"default","ast-page-background-enabled":"default","ast-page-background-meta":{"desktop":{"background-color":"var(--ast-global-color-5)","background-image":"","background-repeat":"repeat","background-position":"center center","background-size":"auto","background-attachment":"scroll","background-type":"","background-media":"","overlay-type":"","overlay-color":"","overlay-opacity":"","overlay-gradient":""},"tablet":{"background-color":"","background-image":"","background-repeat":"repeat","background-position":"center center","background-size":"auto","background-attachment":"scroll","background-type":"","background-media":"","overlay-type":"","overlay-color":"","overlay-opacity":"","overlay-gradient":""},"mobile":{"background-color":"","background-image":"","background-repeat":"repeat","background-position":"center center","background-size":"auto","background-attachment":"scroll","background-type":"","background-media":"","overlay-type":"","overlay-color":"","overlay-opacity":"","overlay-gradient":""}},"ast-content-background-meta":{"desktop":{"background-color":"var(--ast-global-color-4)","background-image":"","background-repeat":"repeat","background-position":"center center","background-size":"auto","background-attachment":"scroll","background-type":"","background-media":"","overlay-type":"","overlay-color":"","overlay-opacity":"","overlay-gradient":""},"tablet":{"background-color":"var(--ast-global-color-4)","background-image":"","background-repeat":"repeat","background-position":"center center","background-size":"auto","background-attachment":"scroll","background-type":"","background-media":"","overlay-type":"","overlay-color":"","overlay-opacity":"","overlay-gradient":""},"mobile":{"background-color":"var(--ast-global-color-4)","background-image":"","background-repeat":"repeat","background-position":"center center","background-size":"auto","background-attachment":"scroll","background-type":"","background-media":"","overlay-type":"","overlay-color":"","overlay-opacity":"","overlay-gradient":""}},"footnotes":""},"class_list":["post-458","page","type-page","status-publish","hentry"],"uagb_featured_image_src":{"full":false,"thumbnail":false,"medium":false,"medium_large":false,"large":false,"1536x1536":false,"2048x2048":false,"trp-custom-language-flag":false},"uagb_author_info":{"display_name":"admin","author_link":"https:\/\/www.gekkosolutions.eu\/en\/author\/admin\/"},"uagb_comment_info":0,"uagb_excerpt":null,"_links":{"self":[{"href":"https:\/\/www.gekkosolutions.eu\/en\/wp-json\/wp\/v2\/pages\/458","targetHints":{"allow":["GET"]}}],"collection":[{"href":"https:\/\/www.gekkosolutions.eu\/en\/wp-json\/wp\/v2\/pages"}],"about":[{"href":"https:\/\/www.gekkosolutions.eu\/en\/wp-json\/wp\/v2\/types\/page"}],"author":[{"embeddable":true,"href":"https:\/\/www.gekkosolutions.eu\/en\/wp-json\/wp\/v2\/users\/1"}],"replies":[{"embeddable":true,"href":"https:\/\/www.gekkosolutions.eu\/en\/wp-json\/wp\/v2\/comments?post=458"}],"version-history":[{"count":31,"href":"https:\/\/www.gekkosolutions.eu\/en\/wp-json\/wp\/v2\/pages\/458\/revisions"}],"predecessor-version":[{"id":46253,"href":"https:\/\/www.gekkosolutions.eu\/en\/wp-json\/wp\/v2\/pages\/458\/revisions\/46253"}],"wp:attachment":[{"href":"https:\/\/www.gekkosolutions.eu\/en\/wp-json\/wp\/v2\/media?parent=458"}],"curies":[{"name":"wp","href":"https:\/\/api.w.org\/{rel}","templated":true}]}}